{"id":18,"date":"2021-02-20T19:14:17","date_gmt":"2021-02-20T19:14:17","guid":{"rendered":"http:\/\/box2155.temp.domains\/~themorb5\/?page_id=18"},"modified":"2024-11-22T19:05:58","modified_gmt":"2024-11-22T19:05:58","slug":"archive","status":"publish","type":"page","link":"https:\/\/themoralwombat.com\/en\/archive\/","title":{"rendered":"Archive"},"content":{"rendered":"\n<div style=\"height:30px\" aria-hidden=\"true\" class=\"wp-block-spacer\"><\/div>\n\n\n\n<p class=\"has-text-align-center\">Hey there! This is an archive of all my posts, from latest to oldest. Enjoy \ud83c\udf3f<\/p>\n\n\n\n<div style=\"height:45px\" aria-hidden=\"true\" class=\"wp-block-spacer\"><\/div>\n\n\n<ul class=\"wp-block-latest-posts__list is-grid columns-4 has-dates aligncenter wp-block-latest-posts\"><li><div class=\"wp-block-latest-posts__featured-image aligncenter\"><img loading=\"lazy\" decoding=\"async\" width=\"800\" height=\"600\" src=\"https:\/\/i0.wp.com\/themoralwombat.com\/wp-content\/uploads\/2024\/11\/Halloween-pumpkin-4.jpg?fit=800%2C600&amp;ssl=1\" class=\"attachment-medium size-medium wp-post-image\" alt=\"Jack Skellington Halloween Pumpkin\" style=\"\" srcset=\"https:\/\/i0.wp.com\/themoralwombat.com\/wp-content\/uploads\/2024\/11\/Halloween-pumpkin-4.jpg?w=800&amp;ssl=1 800w, https:\/\/i0.wp.com\/themoralwombat.com\/wp-content\/uploads\/2024\/11\/Halloween-pumpkin-4.jpg?resize=768%2C576&amp;ssl=1 768w\" sizes=\"auto, (max-width: 800px) 100vw, 800px\" \/><\/div><a class=\"wp-block-latest-posts__post-title\" href=\"https:\/\/themoralwombat.com\/en\/noiembrie-toamna\/\">Noiembrie, toamna<\/a><time datetime=\"2024-11-12T22:33:50+00:00\" class=\"wp-block-latest-posts__post-date\">November 12, 2024<\/time><div class=\"wp-block-latest-posts__post-excerpt\">Nu \u0219tiu cum sunte\u021bi voi, dar mie mi se pare c\u0103 s\u0103rb\u0103torile de Cr\u0103ciun sunt \u00eempinse tot mai devreme \u00een an. \u0218i nu \u00eemi place. Nu m\u0103 \u00een\u021belege\u021bi gre\u0219it, Cr\u0103ciunul e s\u0103rb\u0103toarea mea preferat\u0103. Dar cred c\u0103 toate lucrurile au timpul lor, iar gr\u0103birea oric\u0103rui proces fur\u0103 din bucuria prezentului.<\/div><\/li>\n<li><div class=\"wp-block-latest-posts__featured-image aligncenter\"><img loading=\"lazy\" decoding=\"async\" width=\"1200\" height=\"725\" src=\"https:\/\/i0.wp.com\/themoralwombat.com\/wp-content\/uploads\/2024\/11\/img_9059_original.jpg?fit=1200%2C725&amp;ssl=1\" class=\"attachment-medium size-medium wp-post-image\" alt=\"\" style=\"\" srcset=\"https:\/\/i0.wp.com\/themoralwombat.com\/wp-content\/uploads\/2024\/11\/img_9059_original.jpg?w=1200&amp;ssl=1 1200w, https:\/\/i0.wp.com\/themoralwombat.com\/wp-content\/uploads\/2024\/11\/img_9059_original.jpg?resize=768%2C464&amp;ssl=1 768w, https:\/\/i0.wp.com\/themoralwombat.com\/wp-content\/uploads\/2024\/11\/img_9059_original.jpg?resize=1140%2C689&amp;ssl=1 1140w\" sizes=\"auto, (max-width: 960px) 100vw, 960px\" \/><\/div><a class=\"wp-block-latest-posts__post-title\" href=\"https:\/\/themoralwombat.com\/en\/o-noua-directie\/\">O nou\u0103 direc\u0163ie<\/a><time datetime=\"2024-11-05T16:54:04+00:00\" class=\"wp-block-latest-posts__post-date\">November 5, 2024<\/time><div class=\"wp-block-latest-posts__post-excerpt\">Mai \u015fti\u0163i c\u00e2nd am spus c\u0103 voi posta c\u00e2te un articol \u00een fiecare s\u0103pt\u0103m\u00e2n\u0103? Ei bine, dup\u0103 o pauz\u0103 de doi ani, blogul revine cu o nou\u0103 direc\u021bie, vorbind despre stiluri de via\u021b\u0103, reflec\u021bii personale, animale dar \u0219i sustenabilitate.<\/div><\/li>\n<li><div class=\"wp-block-latest-posts__featured-image aligncenter\"><img loading=\"lazy\" decoding=\"async\" width=\"895\" height=\"896\" src=\"https:\/\/i0.wp.com\/themoralwombat.com\/wp-content\/uploads\/2022\/11\/img_6061.jpg?fit=895%2C896&amp;ssl=1\" class=\"attachment-medium size-medium wp-post-image\" alt=\"\" style=\"\" srcset=\"https:\/\/i0.wp.com\/themoralwombat.com\/wp-content\/uploads\/2022\/11\/img_6061.jpg?w=895&amp;ssl=1 895w, https:\/\/i0.wp.com\/themoralwombat.com\/wp-content\/uploads\/2022\/11\/img_6061.jpg?resize=150%2C150&amp;ssl=1 150w, https:\/\/i0.wp.com\/themoralwombat.com\/wp-content\/uploads\/2022\/11\/img_6061.jpg?resize=768%2C769&amp;ssl=1 768w, https:\/\/i0.wp.com\/themoralwombat.com\/wp-content\/uploads\/2022\/11\/img_6061.jpg?resize=300%2C300&amp;ssl=1 300w, https:\/\/i0.wp.com\/themoralwombat.com\/wp-content\/uploads\/2022\/11\/img_6061.jpg?resize=75%2C75&amp;ssl=1 75w\" sizes=\"auto, (max-width: 895px) 100vw, 895px\" \/><\/div><a class=\"wp-block-latest-posts__post-title\" href=\"https:\/\/themoralwombat.com\/en\/conscious-christmas-gift-ideas\/\">Conscious Christmas Gift ideas<\/a><time datetime=\"2022-12-01T21:09:54+00:00\" class=\"wp-block-latest-posts__post-date\">December 1, 2022<\/time><div class=\"wp-block-latest-posts__post-excerpt\">For the past year, I&#8217;ve been trying to buy less from popular stores and more from local businesses. I love supporting Romanian artists and artisans, because I feel like they benefit from my money more than the already rich companies. Giving someone a carefully made, one of a kind item, created with love and passion makes the gift much more personal and meaningful. I hope this article will inspire you this Christmas to choose local.<\/div><\/li>\n<li><div class=\"wp-block-latest-posts__featured-image aligncenter\"><img loading=\"lazy\" decoding=\"async\" width=\"1499\" height=\"937\" src=\"https:\/\/i0.wp.com\/themoralwombat.com\/wp-content\/uploads\/2021\/07\/Watermelon-jam6.jpg?fit=1499%2C937&amp;ssl=1\" class=\"attachment-medium size-medium wp-post-image\" alt=\"Watermelon jam\" style=\"\" srcset=\"https:\/\/i0.wp.com\/themoralwombat.com\/wp-content\/uploads\/2021\/07\/Watermelon-jam6.jpg?w=1499&amp;ssl=1 1499w, https:\/\/i0.wp.com\/themoralwombat.com\/wp-content\/uploads\/2021\/07\/Watermelon-jam6.jpg?resize=768%2C480&amp;ssl=1 768w, https:\/\/i0.wp.com\/themoralwombat.com\/wp-content\/uploads\/2021\/07\/Watermelon-jam6.jpg?resize=1140%2C713&amp;ssl=1 1140w\" sizes=\"auto, (max-width: 960px) 100vw, 960px\" \/><\/div><a class=\"wp-block-latest-posts__post-title\" href=\"https:\/\/themoralwombat.com\/en\/recipes-for-lazy-people-watermelon-rind-jam\/\">Recipes for lazy people: Watermelon rind jam<\/a><time datetime=\"2021-07-14T11:44:09+00:00\" class=\"wp-block-latest-posts__post-date\">July 14, 2021<\/time><div class=\"wp-block-latest-posts__post-excerpt\">When I was little, my grandma used to make watermelon rind jam all the time. To me, this is a pretty classic one. However, I&#8217;ve noticed that many people did not know that you can make jam not only out of watermelon, but even out of watermelon rind. So here is my super simple recipe for extremely lazy people.<\/div><\/li>\n<li><div class=\"wp-block-latest-posts__featured-image aligncenter\"><img loading=\"lazy\" decoding=\"async\" width=\"867\" height=\"485\" src=\"https:\/\/i0.wp.com\/themoralwombat.com\/wp-content\/uploads\/Cucumber-Featured-Image.jpg?fit=867%2C485&amp;ssl=1\" class=\"attachment-medium size-medium wp-post-image\" alt=\"Cucumber Featured Image\" style=\"\" srcset=\"https:\/\/i0.wp.com\/themoralwombat.com\/wp-content\/uploads\/Cucumber-Featured-Image.jpg?w=867&amp;ssl=1 867w, https:\/\/i0.wp.com\/themoralwombat.com\/wp-content\/uploads\/Cucumber-Featured-Image.jpg?resize=768%2C430&amp;ssl=1 768w\" sizes=\"auto, (max-width: 867px) 100vw, 867px\" \/><\/div><a class=\"wp-block-latest-posts__post-title\" href=\"https:\/\/themoralwombat.com\/en\/cutia-taranului-and-why-you-should-buy-local\/\">Cutia Taranului and why you should buy local<\/a><time datetime=\"2021-06-30T12:01:07+00:00\" class=\"wp-block-latest-posts__post-date\">June 30, 2021<\/time><div class=\"wp-block-latest-posts__post-excerpt\">For years I kept hearing people talk about &#8220;local&#8221; produce but didn&#8217;t give it much importance at the time. This was back when I had no idea what sustainability is and couldn&#8217;t be bothered to care. To me, it seemed perfectly normal to buy whatever was available in the nearest market and had no idea where it was imported from. And didn\u2019t care. Whatever was comfortable was &#8220;better&#8221;. I never understood why buying produce made in my country was such a big deal. I do now.<\/div><\/li>\n<li><div class=\"wp-block-latest-posts__featured-image aligncenter\"><img loading=\"lazy\" decoding=\"async\" width=\"300\" height=\"176\" src=\"https:\/\/i0.wp.com\/themoralwombat.com\/wp-content\/uploads\/Fish-Plate-Fix-2.jpg?fit=300%2C176&amp;ssl=1\" class=\"attachment-medium size-medium wp-post-image\" alt=\"Fish Plate Fix\" style=\"\" srcset=\"https:\/\/i0.wp.com\/themoralwombat.com\/wp-content\/uploads\/Fish-Plate-Fix-2.jpg?w=1800&amp;ssl=1 1800w, https:\/\/i0.wp.com\/themoralwombat.com\/wp-content\/uploads\/Fish-Plate-Fix-2.jpg?resize=300%2C176&amp;ssl=1 300w, https:\/\/i0.wp.com\/themoralwombat.com\/wp-content\/uploads\/Fish-Plate-Fix-2.jpg?resize=1024%2C601&amp;ssl=1 1024w, https:\/\/i0.wp.com\/themoralwombat.com\/wp-content\/uploads\/Fish-Plate-Fix-2.jpg?resize=150%2C88&amp;ssl=1 150w, https:\/\/i0.wp.com\/themoralwombat.com\/wp-content\/uploads\/Fish-Plate-Fix-2.jpg?resize=768%2C451&amp;ssl=1 768w, https:\/\/i0.wp.com\/themoralwombat.com\/wp-content\/uploads\/Fish-Plate-Fix-2.jpg?resize=1536%2C901&amp;ssl=1 1536w, https:\/\/i0.wp.com\/themoralwombat.com\/wp-content\/uploads\/Fish-Plate-Fix-2.jpg?resize=1140%2C669&amp;ssl=1 1140w\" sizes=\"auto, (max-width: 300px) 100vw, 300px\" \/><\/div><a class=\"wp-block-latest-posts__post-title\" href=\"https:\/\/themoralwombat.com\/en\/5-more-simple-things-you-can-do-to-live-sustainably\/\">5 (More) Simple things you can do to live sustainably<\/a><time datetime=\"2021-05-14T19:08:00+00:00\" class=\"wp-block-latest-posts__post-date\">May 14, 2021<\/time><div class=\"wp-block-latest-posts__post-excerpt\">A few weeks ago I wrote an article to get you started on the sustainability journey, about 5 very easy and free things you can do to have a positive impact on the environment. The ones I mentioned previously were pretty basic and required minimum to no effort on your part. But now, we want to level up a bit, so I present you 5 more things you can do to live ethically and eco-conscious.<\/div><\/li>\n<li><div class=\"wp-block-latest-posts__featured-image aligncenter\"><img loading=\"lazy\" decoding=\"async\" width=\"300\" height=\"143\" src=\"https:\/\/i0.wp.com\/themoralwombat.com\/wp-content\/uploads\/Nike-Air-Force-Featured.jpg?fit=300%2C143&amp;ssl=1\" class=\"attachment-medium size-medium wp-post-image\" alt=\"Nike Air Force 1\" style=\"\" srcset=\"https:\/\/i0.wp.com\/themoralwombat.com\/wp-content\/uploads\/Nike-Air-Force-Featured.jpg?w=2000&amp;ssl=1 2000w, https:\/\/i0.wp.com\/themoralwombat.com\/wp-content\/uploads\/Nike-Air-Force-Featured.jpg?resize=300%2C143&amp;ssl=1 300w, https:\/\/i0.wp.com\/themoralwombat.com\/wp-content\/uploads\/Nike-Air-Force-Featured.jpg?resize=1024%2C486&amp;ssl=1 1024w, https:\/\/i0.wp.com\/themoralwombat.com\/wp-content\/uploads\/Nike-Air-Force-Featured.jpg?resize=150%2C71&amp;ssl=1 150w, https:\/\/i0.wp.com\/themoralwombat.com\/wp-content\/uploads\/Nike-Air-Force-Featured.jpg?resize=768%2C365&amp;ssl=1 768w, https:\/\/i0.wp.com\/themoralwombat.com\/wp-content\/uploads\/Nike-Air-Force-Featured.jpg?resize=1536%2C730&amp;ssl=1 1536w, https:\/\/i0.wp.com\/themoralwombat.com\/wp-content\/uploads\/Nike-Air-Force-Featured.jpg?resize=1140%2C542&amp;ssl=1 1140w, https:\/\/i0.wp.com\/themoralwombat.com\/wp-content\/uploads\/Nike-Air-Force-Featured.jpg?w=1920&amp;ssl=1 1920w\" sizes=\"auto, (max-width: 300px) 100vw, 300px\" \/><\/div><a class=\"wp-block-latest-posts__post-title\" href=\"https:\/\/themoralwombat.com\/en\/is-wearing-second-hand-leather-vegan\/\">Is wearing second-hand leather vegan?<\/a><time datetime=\"2021-04-07T16:44:51+00:00\" class=\"wp-block-latest-posts__post-date\">April 7, 2021<\/time><div class=\"wp-block-latest-posts__post-excerpt\">This is always a touchy subject in the vegan community. Opinions are divided. Some swear off leather like it\u2019s the devil, others are a little more loosey-goosey about wearing it. So\u2026 is wearing second-hand leather vegan? The answer depends greatly on what you understand by vegan and how well you understand the supply and demand chain.<\/div><\/li>\n<li><div class=\"wp-block-latest-posts__featured-image aligncenter\"><img loading=\"lazy\" decoding=\"async\" width=\"1000\" height=\"667\" src=\"https:\/\/i0.wp.com\/themoralwombat.com\/wp-content\/uploads\/2022\/01\/Bubble-Wrap.jpg?fit=1000%2C667&amp;ssl=1\" class=\"attachment-medium size-medium wp-post-image\" alt=\"Bubble Wrap\" style=\"\" srcset=\"https:\/\/i0.wp.com\/themoralwombat.com\/wp-content\/uploads\/2022\/01\/Bubble-Wrap.jpg?w=1000&amp;ssl=1 1000w, https:\/\/i0.wp.com\/themoralwombat.com\/wp-content\/uploads\/2022\/01\/Bubble-Wrap.jpg?resize=768%2C512&amp;ssl=1 768w\" sizes=\"auto, (max-width: 960px) 100vw, 960px\" \/><\/div><a class=\"wp-block-latest-posts__post-title\" href=\"https:\/\/themoralwombat.com\/en\/10-things-i-still-do-that-are-not-sustainable\/\">10 things I still do that are not sustainable<\/a><time datetime=\"2021-03-23T19:09:22+00:00\" class=\"wp-block-latest-posts__post-date\">March 23, 2021<\/time><div class=\"wp-block-latest-posts__post-excerpt\">The imperfect side of sustainability is rarely portrayed on Social Media. So here are 10 things I do that are completely not sustainable.<\/div><\/li>\n<li><div class=\"wp-block-latest-posts__featured-image aligncenter\"><img loading=\"lazy\" decoding=\"async\" width=\"300\" height=\"180\" src=\"https:\/\/i0.wp.com\/themoralwombat.com\/wp-content\/uploads\/Sustainability.jpg?fit=300%2C180&amp;ssl=1\" class=\"attachment-medium size-medium wp-post-image\" alt=\"The Hoarder Dillema\" style=\"\" srcset=\"https:\/\/i0.wp.com\/themoralwombat.com\/wp-content\/uploads\/Sustainability.jpg?w=700&amp;ssl=1 700w, https:\/\/i0.wp.com\/themoralwombat.com\/wp-content\/uploads\/Sustainability.jpg?resize=300%2C180&amp;ssl=1 300w, https:\/\/i0.wp.com\/themoralwombat.com\/wp-content\/uploads\/Sustainability.jpg?resize=150%2C90&amp;ssl=1 150w\" sizes=\"auto, (max-width: 300px) 100vw, 300px\" \/><\/div><a class=\"wp-block-latest-posts__post-title\" href=\"https:\/\/themoralwombat.com\/en\/how-i-got-from-hyper-consumerism-to-sustainability\/\">How I got from Hyper Consumerism to Sustainability<\/a><time datetime=\"2021-03-13T18:55:00+00:00\" class=\"wp-block-latest-posts__post-date\">March 13, 2021<\/time><div class=\"wp-block-latest-posts__post-excerpt\">Sustainability has nothing to do with looking good or being perfect. It&#8217;s about choosing a sustainable option whenever you can, as much as you can.<\/div><\/li>\n<li><div class=\"wp-block-latest-posts__featured-image aligncenter\"><img loading=\"lazy\" decoding=\"async\" width=\"1000\" height=\"681\" src=\"https:\/\/i0.wp.com\/themoralwombat.com\/wp-content\/uploads\/2022\/01\/Green-plant-in-water.jpg?fit=1000%2C681&amp;ssl=1\" class=\"attachment-medium size-medium wp-post-image\" alt=\"Green plant in water\" style=\"\" srcset=\"https:\/\/i0.wp.com\/themoralwombat.com\/wp-content\/uploads\/2022\/01\/Green-plant-in-water.jpg?w=1000&amp;ssl=1 1000w, https:\/\/i0.wp.com\/themoralwombat.com\/wp-content\/uploads\/2022\/01\/Green-plant-in-water.jpg?resize=768%2C523&amp;ssl=1 768w\" sizes=\"auto, (max-width: 960px) 100vw, 960px\" \/><\/div><a class=\"wp-block-latest-posts__post-title\" href=\"https:\/\/themoralwombat.com\/en\/5-simple-things-you-can-do-to-live-more-sustainably\/\">5 Simple things you can do to live more sustainably<\/a><time datetime=\"2021-03-06T20:24:32+00:00\" class=\"wp-block-latest-posts__post-date\">March 6, 2021<\/time><div class=\"wp-block-latest-posts__post-excerpt\">Five small habits you can change effortlessly (and for free) to live more sustainably and have a positive impact on the environment.<\/div><\/li>\n<li><div class=\"wp-block-latest-posts__featured-image aligncenter\"><img loading=\"lazy\" decoding=\"async\" width=\"1000\" height=\"667\" src=\"https:\/\/i0.wp.com\/themoralwombat.com\/wp-content\/uploads\/2022\/01\/Sustainability.jpg?fit=1000%2C667&amp;ssl=1\" class=\"attachment-medium size-medium wp-post-image\" alt=\"Sustainability\" style=\"\" srcset=\"https:\/\/i0.wp.com\/themoralwombat.com\/wp-content\/uploads\/2022\/01\/Sustainability.jpg?w=1000&amp;ssl=1 1000w, https:\/\/i0.wp.com\/themoralwombat.com\/wp-content\/uploads\/2022\/01\/Sustainability.jpg?resize=768%2C512&amp;ssl=1 768w\" sizes=\"auto, (max-width: 960px) 100vw, 960px\" \/><\/div><a class=\"wp-block-latest-posts__post-title\" href=\"https:\/\/themoralwombat.com\/en\/what-is-sustainability\/\">What does sustainability really mean?<\/a><time datetime=\"2021-02-24T10:11:31+00:00\" class=\"wp-block-latest-posts__post-date\">February 24, 2021<\/time><div class=\"wp-block-latest-posts__post-excerpt\">Sustainable lifestyle, sustainable brands, sustainable food. We keep hearing these over and over but does anyone know what they really mean? What is sustainability, really?<\/div><\/li>\n<\/ul>","protected":false},"excerpt":{"rendered":"<p>Hey there! This is an archive of all my posts, from latest to oldest. Enjoy \ud83c\udf3f<\/p>\n","protected":false},"author":1,"featured_media":0,"parent":0,"menu_order":0,"comment_status":"closed","ping_status":"closed","template":"","meta":{"nf_dc_page":"","jetpack_post_was_ever_published":false,"footnotes":""},"class_list":["post-18","page","type-page","status-publish","hentry"],"yoast_head":"<!-- This site is optimized with the Yoast SEO plugin v27.4 - https:\/\/yoast.com\/product\/yoast-seo-wordpress\/ -->\n<title>Archive - The Moral Wombat<\/title>\n<meta name=\"description\" content=\"Hey there! This is an archive of all my posts, from latest to oldest. Enjoy!\" \/>\n<meta name=\"robots\" content=\"index, follow, max-snippet:-1, max-image-preview:large, max-video-preview:-1\" \/>\n<link rel=\"canonical\" href=\"https:\/\/themoralwombat.com\/en\/archive\/\" \/>\n<meta property=\"og:locale\" content=\"en_US\" \/>\n<meta property=\"og:type\" content=\"article\" \/>\n<meta property=\"og:title\" content=\"Archive - The Moral Wombat\" \/>\n<meta property=\"og:description\" content=\"Hey there! This is an archive of all my posts, from latest to oldest. Enjoy!\" \/>\n<meta property=\"og:url\" content=\"https:\/\/themoralwombat.com\/en\/archive\/\" \/>\n<meta property=\"og:site_name\" content=\"The Moral Wombat\" \/>\n<meta property=\"article:publisher\" content=\"https:\/\/www.facebook.com\/ale.ctb\/\" \/>\n<meta property=\"article:modified_time\" content=\"2024-11-22T19:05:58+00:00\" \/>\n<meta name=\"twitter:card\" content=\"summary_large_image\" \/>\n<meta name=\"twitter:label1\" content=\"Est. reading time\" \/>\n\t<meta name=\"twitter:data1\" content=\"1 minute\" \/>\n<script type=\"application\/ld+json\" class=\"yoast-schema-graph\">{\"@context\":\"https:\\\/\\\/schema.org\",\"@graph\":[{\"@type\":\"WebPage\",\"@id\":\"https:\\\/\\\/themoralwombat.com\\\/en\\\/archive\\\/\",\"url\":\"https:\\\/\\\/themoralwombat.com\\\/en\\\/archive\\\/\",\"name\":\"Archive - The Moral Wombat\",\"isPartOf\":{\"@id\":\"https:\\\/\\\/themoralwombat.com\\\/en\\\/#website\"},\"datePublished\":\"2021-02-20T19:14:17+00:00\",\"dateModified\":\"2024-11-22T19:05:58+00:00\",\"description\":\"Hey there! This is an archive of all my posts, from latest to oldest. Enjoy!\",\"breadcrumb\":{\"@id\":\"https:\\\/\\\/themoralwombat.com\\\/en\\\/archive\\\/#breadcrumb\"},\"inLanguage\":\"en-US\",\"potentialAction\":[{\"@type\":\"ReadAction\",\"target\":[\"https:\\\/\\\/themoralwombat.com\\\/en\\\/archive\\\/\"]}]},{\"@type\":\"BreadcrumbList\",\"@id\":\"https:\\\/\\\/themoralwombat.com\\\/en\\\/archive\\\/#breadcrumb\",\"itemListElement\":[{\"@type\":\"ListItem\",\"position\":1,\"name\":\"Home\",\"item\":\"https:\\\/\\\/themoralwombat.com\\\/en\\\/\"},{\"@type\":\"ListItem\",\"position\":2,\"name\":\"Archive\"}]},{\"@type\":\"WebSite\",\"@id\":\"https:\\\/\\\/themoralwombat.com\\\/en\\\/#website\",\"url\":\"https:\\\/\\\/themoralwombat.com\\\/en\\\/\",\"name\":\"The Moral Wombat\",\"description\":\"Pets and Ethical(ish) living\",\"publisher\":{\"@id\":\"https:\\\/\\\/themoralwombat.com\\\/en\\\/#\\\/schema\\\/person\\\/7f4b3338fa0534b3478d0b5b332ca6e2\"},\"potentialAction\":[{\"@type\":\"SearchAction\",\"target\":{\"@type\":\"EntryPoint\",\"urlTemplate\":\"https:\\\/\\\/themoralwombat.com\\\/en\\\/?s={search_term_string}\"},\"query-input\":{\"@type\":\"PropertyValueSpecification\",\"valueRequired\":true,\"valueName\":\"search_term_string\"}}],\"inLanguage\":\"en-US\"},{\"@type\":[\"Person\",\"Organization\"],\"@id\":\"https:\\\/\\\/themoralwombat.com\\\/en\\\/#\\\/schema\\\/person\\\/7f4b3338fa0534b3478d0b5b332ca6e2\",\"name\":\"Alexandra\",\"image\":{\"@type\":\"ImageObject\",\"inLanguage\":\"en-US\",\"@id\":\"https:\\\/\\\/i0.wp.com\\\/themoralwombat.com\\\/wp-content\\\/uploads\\\/2021\\\/03\\\/Girl-on-hill-with-two-dogs.jpg?fit=2526%2C1797&ssl=1\",\"url\":\"https:\\\/\\\/i0.wp.com\\\/themoralwombat.com\\\/wp-content\\\/uploads\\\/2021\\\/03\\\/Girl-on-hill-with-two-dogs.jpg?fit=2526%2C1797&ssl=1\",\"contentUrl\":\"https:\\\/\\\/i0.wp.com\\\/themoralwombat.com\\\/wp-content\\\/uploads\\\/2021\\\/03\\\/Girl-on-hill-with-two-dogs.jpg?fit=2526%2C1797&ssl=1\",\"width\":2526,\"height\":1797,\"caption\":\"Alexandra\"},\"logo\":{\"@id\":\"https:\\\/\\\/i0.wp.com\\\/themoralwombat.com\\\/wp-content\\\/uploads\\\/2021\\\/03\\\/Girl-on-hill-with-two-dogs.jpg?fit=2526%2C1797&ssl=1\"},\"description\":\"Hi, I\u2019m Alexandra. I\u2019m a simple human trying to make the world a better place one small step at a time. My goal is to show you that living a more sustainable life can be easy and to share my perspective of an (imperfect) low-waste lifestyle.\",\"sameAs\":[\"http:\\\/\\\/www.themoralwombat.com\",\"https:\\\/\\\/www.facebook.com\\\/ale.ctb\\\/\",\"https:\\\/\\\/www.instagram.com\\\/themoralwombat\\\/\",\"https:\\\/\\\/www.pinterest.com\\\/cutthroatb\\\/\"]}]}<\/script>\n<!-- \/ Yoast SEO plugin. -->","yoast_head_json":{"title":"Archive - The Moral Wombat","description":"Hey there! This is an archive of all my posts, from latest to oldest. Enjoy!","robots":{"index":"index","follow":"follow","max-snippet":"max-snippet:-1","max-image-preview":"max-image-preview:large","max-video-preview":"max-video-preview:-1"},"canonical":"https:\/\/themoralwombat.com\/en\/archive\/","og_locale":"en_US","og_type":"article","og_title":"Archive - The Moral Wombat","og_description":"Hey there! This is an archive of all my posts, from latest to oldest. Enjoy!","og_url":"https:\/\/themoralwombat.com\/en\/archive\/","og_site_name":"The Moral Wombat","article_publisher":"https:\/\/www.facebook.com\/ale.ctb\/","article_modified_time":"2024-11-22T19:05:58+00:00","twitter_card":"summary_large_image","twitter_misc":{"Est. reading time":"1 minute"},"schema":{"@context":"https:\/\/schema.org","@graph":[{"@type":"WebPage","@id":"https:\/\/themoralwombat.com\/en\/archive\/","url":"https:\/\/themoralwombat.com\/en\/archive\/","name":"Archive - The Moral Wombat","isPartOf":{"@id":"https:\/\/themoralwombat.com\/en\/#website"},"datePublished":"2021-02-20T19:14:17+00:00","dateModified":"2024-11-22T19:05:58+00:00","description":"Hey there! This is an archive of all my posts, from latest to oldest. Enjoy!","breadcrumb":{"@id":"https:\/\/themoralwombat.com\/en\/archive\/#breadcrumb"},"inLanguage":"en-US","potentialAction":[{"@type":"ReadAction","target":["https:\/\/themoralwombat.com\/en\/archive\/"]}]},{"@type":"BreadcrumbList","@id":"https:\/\/themoralwombat.com\/en\/archive\/#breadcrumb","itemListElement":[{"@type":"ListItem","position":1,"name":"Home","item":"https:\/\/themoralwombat.com\/en\/"},{"@type":"ListItem","position":2,"name":"Archive"}]},{"@type":"WebSite","@id":"https:\/\/themoralwombat.com\/en\/#website","url":"https:\/\/themoralwombat.com\/en\/","name":"The Moral Wombat","description":"Pets and Ethical(ish) living","publisher":{"@id":"https:\/\/themoralwombat.com\/en\/#\/schema\/person\/7f4b3338fa0534b3478d0b5b332ca6e2"},"potentialAction":[{"@type":"SearchAction","target":{"@type":"EntryPoint","urlTemplate":"https:\/\/themoralwombat.com\/en\/?s={search_term_string}"},"query-input":{"@type":"PropertyValueSpecification","valueRequired":true,"valueName":"search_term_string"}}],"inLanguage":"en-US"},{"@type":["Person","Organization"],"@id":"https:\/\/themoralwombat.com\/en\/#\/schema\/person\/7f4b3338fa0534b3478d0b5b332ca6e2","name":"Alexandra","image":{"@type":"ImageObject","inLanguage":"en-US","@id":"https:\/\/i0.wp.com\/themoralwombat.com\/wp-content\/uploads\/2021\/03\/Girl-on-hill-with-two-dogs.jpg?fit=2526%2C1797&ssl=1","url":"https:\/\/i0.wp.com\/themoralwombat.com\/wp-content\/uploads\/2021\/03\/Girl-on-hill-with-two-dogs.jpg?fit=2526%2C1797&ssl=1","contentUrl":"https:\/\/i0.wp.com\/themoralwombat.com\/wp-content\/uploads\/2021\/03\/Girl-on-hill-with-two-dogs.jpg?fit=2526%2C1797&ssl=1","width":2526,"height":1797,"caption":"Alexandra"},"logo":{"@id":"https:\/\/i0.wp.com\/themoralwombat.com\/wp-content\/uploads\/2021\/03\/Girl-on-hill-with-two-dogs.jpg?fit=2526%2C1797&ssl=1"},"description":"Hi, I\u2019m Alexandra. I\u2019m a simple human trying to make the world a better place one small step at a time. My goal is to show you that living a more sustainable life can be easy and to share my perspective of an (imperfect) low-waste lifestyle.","sameAs":["http:\/\/www.themoralwombat.com","https:\/\/www.facebook.com\/ale.ctb\/","https:\/\/www.instagram.com\/themoralwombat\/","https:\/\/www.pinterest.com\/cutthroatb\/"]}]}},"jetpack_likes_enabled":true,"jetpack_sharing_enabled":true,"_links":{"self":[{"href":"https:\/\/themoralwombat.com\/en\/wp-json\/wp\/v2\/pages\/18","targetHints":{"allow":["GET"]}}],"collection":[{"href":"https:\/\/themoralwombat.com\/en\/wp-json\/wp\/v2\/pages"}],"about":[{"href":"https:\/\/themoralwombat.com\/en\/wp-json\/wp\/v2\/types\/page"}],"author":[{"embeddable":true,"href":"https:\/\/themoralwombat.com\/en\/wp-json\/wp\/v2\/users\/1"}],"replies":[{"embeddable":true,"href":"https:\/\/themoralwombat.com\/en\/wp-json\/wp\/v2\/comments?post=18"}],"version-history":[{"count":7,"href":"https:\/\/themoralwombat.com\/en\/wp-json\/wp\/v2\/pages\/18\/revisions"}],"predecessor-version":[{"id":4655,"href":"https:\/\/themoralwombat.com\/en\/wp-json\/wp\/v2\/pages\/18\/revisions\/4655"}],"wp:attachment":[{"href":"https:\/\/themoralwombat.com\/en\/wp-json\/wp\/v2\/media?parent=18"}],"curies":[{"name":"wp","href":"https:\/\/api.w.org\/{rel}","templated":true}]}}